{"id":18,"date":"2020-12-20T21:48:10","date_gmt":"2020-12-20T20:48:10","guid":{"rendered":"http:\/\/3bsportswear.de\/?page_id=18"},"modified":"2023-03-03T13:57:31","modified_gmt":"2023-03-03T12:57:31","slug":"kontakt","status":"publish","type":"page","link":"https:\/\/3bsportswear.de\/en\/kontakt\/","title":{"rendered":"KONTAKT"},"content":{"rendered":"<div data-elementor-type=\"wp-page\" data-elementor-id=\"18\" class=\"elementor elementor-18\" data-elementor-settings=\"[]\">\n\t\t\t\t\t\t<div class=\"elementor-inner\">\n\t\t\t\t\t\t\t<div class=\"elementor-section-wrap\">\n\t\t\t\t\t\t\t<section class=\"elementor-section elementor-top-section elementor-element elementor-element-5bae762 elementor-section-full_width elementor-section-height-default elementor-section-height-default\" data-id=\"5bae762\" data-element_type=\"section\">\n\t\t\t\t\t\t<div class=\"elementor-container elementor-column-gap-no\">\n\t\t\t\t\t\t\t<div class=\"elementor-row\">\n\t\t\t\t\t<div class=\"elementor-column elementor-col-100 elementor-top-column elementor-element elementor-element-c1ef7d2\" data-id=\"c1ef7d2\" data-element_type=\"column\">\n\t\t\t<div class=\"elementor-column-wrap elementor-element-populated\">\n\t\t\t\t\t\t\t<div class=\"elementor-widget-wrap\">\n\t\t\t\t\t\t<div class=\"elementor-element elementor-element-8c3cdaa elementor--h-position-left elementor--v-position-middle elementor-widget elementor-widget-slides\" data-id=\"8c3cdaa\" data-element_type=\"widget\" data-settings=\"{&quot;navigation&quot;:&quot;none&quot;,&quot;transition&quot;:&quot;fade&quot;,&quot;autoplay&quot;:&quot;yes&quot;,&quot;pause_on_interaction&quot;:&quot;yes&quot;,&quot;autoplay_speed&quot;:5000,&quot;infinite&quot;:&quot;yes&quot;,&quot;transition_speed&quot;:500}\" data-widget_type=\"slides.default\">\n\t\t\t\t<div class=\"elementor-widget-container\">\n\t\t\t\t\t<div class=\"elementor-swiper\">\n\t\t\t<div class=\"elementor-slides-wrapper elementor-main-swiper swiper-container\" dir=\"ltr\" data-animation=\"fadeInUp\">\n\t\t\t\t<div class=\"swiper-wrapper elementor-slides\">\n\t\t\t\t\t<div class=\"elementor-repeater-item-68ea6eb swiper-slide\"><div class=\"swiper-slide-bg elementor-ken-burns elementor-ken-burns--in\"><\/div><div class=\"elementor-background-overlay\"><\/div><div class=\"swiper-slide-inner\" ><div class=\"swiper-slide-contents\"><div class=\"elementor-slide-heading\">Contact<\/div><div class=\"elementor-slide-description translation-block\">We are ready to solve your requirements<br>\nin the shortest possible time.<\/div><\/div><\/div><\/div>\t\t\t\t<\/div>\n\t\t\t\t\t\t\t<\/div>\n\t\t<\/div>\n\t\t\t\t<\/div>\n\t\t\t\t<\/div>\n\t\t\t\t\t\t<\/div>\n\t\t\t\t\t<\/div>\n\t\t<\/div>\n\t\t\t\t\t\t\t\t<\/div>\n\t\t\t\t\t<\/div>\n\t\t<\/section>\n\t\t\t\t<section class=\"elementor-section elementor-top-section elementor-element elementor-element-3b43e674 elementor-section-boxed elementor-section-height-default elementor-section-height-default\" data-id=\"3b43e674\" data-element_type=\"section\" data-settings=\"{&quot;background_background&quot;:&quot;classic&quot;}\">\n\t\t\t\t\t\t<div class=\"elementor-container elementor-column-gap-default\">\n\t\t\t\t\t\t\t<div class=\"elementor-row\">\n\t\t\t\t\t<div class=\"elementor-column elementor-col-100 elementor-top-column elementor-element elementor-element-6bd95980\" data-id=\"6bd95980\" data-element_type=\"column\">\n\t\t\t<div class=\"elementor-column-wrap elementor-element-populated\">\n\t\t\t\t\t\t\t<div class=\"elementor-widget-wrap\">\n\t\t\t\t\t\t<div class=\"elementor-element elementor-element-4d87ef29 underl elementor-widget elementor-widget-heading\" data-id=\"4d87ef29\" data-element_type=\"widget\" data-widget_type=\"heading.default\">\n\t\t\t\t<div class=\"elementor-widget-container\">\n\t\t\t<h2 class=\"elementor-heading-title elementor-size-default\">Contact<\/h2>\t\t<\/div>\n\t\t\t\t<\/div>\n\t\t\t\t<section class=\"elementor-section elementor-inner-section elementor-element elementor-element-1757498e elementor-section-boxed elementor-section-height-default elementor-section-height-default\" data-id=\"1757498e\" data-element_type=\"section\">\n\t\t\t\t\t\t<div class=\"elementor-container elementor-column-gap-default\">\n\t\t\t\t\t\t\t<div class=\"elementor-row\">\n\t\t\t\t\t<div class=\"elementor-column elementor-col-50 elementor-inner-column elementor-element elementor-element-3ea01058\" data-id=\"3ea01058\" data-element_type=\"column\">\n\t\t\t<div class=\"elementor-column-wrap elementor-element-populated\">\n\t\t\t\t\t\t\t<div class=\"elementor-widget-wrap\">\n\t\t\t\t\t\t<div class=\"elementor-element elementor-element-bdf7430 elementor-widget elementor-widget-text-editor\" data-id=\"bdf7430\" data-element_type=\"widget\" data-widget_type=\"text-editor.default\">\n\t\t\t\t<div class=\"elementor-widget-container\">\n\t\t\t\t\t<div class=\"elementor-text-editor elementor-clearfix\"><p><strong style=\"color: #000;\">Sales partner Germany<\/strong><\/p><p><span style=\"color: #000000;\">Singul\u00e4r Speyer<br \/><\/span><span style=\"color: #000000;\">Inh. Ulrich Schneider<br \/><\/span><span style=\"color: #000000;\">Draisstra\u00dfe 48<br \/><\/span><span style=\"color: #000000;\">67346 Speyer<\/span><\/p><\/div>\n\t\t\t\t<\/div>\n\t\t\t\t<\/div>\n\t\t\t\t\t\t<\/div>\n\t\t\t\t\t<\/div>\n\t\t<\/div>\n\t\t\t\t<div class=\"elementor-column elementor-col-50 elementor-inner-column elementor-element elementor-element-503d65b4\" data-id=\"503d65b4\" data-element_type=\"column\">\n\t\t\t<div class=\"elementor-column-wrap elementor-element-populated\">\n\t\t\t\t\t\t\t<div class=\"elementor-widget-wrap\">\n\t\t\t\t\t\t<div class=\"elementor-element elementor-element-2c83141c elementor-widget elementor-widget-text-editor\" data-id=\"2c83141c\" data-element_type=\"widget\" data-widget_type=\"text-editor.default\">\n\t\t\t\t<div class=\"elementor-widget-container\">\n\t\t\t\t\t<div class=\"elementor-text-editor elementor-clearfix\"><p><strong style=\"color: #000;\">Jakub Balaz<br \/><\/strong>Contact person<\/p><p><span style=\"color: #000000;\">Tel.: <a href=\"tel:+49 62 32 \u2013 43 959\">+49 62 32 \u2013 43 959<\/a><br \/><\/span><span style=\"color: #000000;\">Fax: +49 62 32 \u2013 36 019<br \/>E-Mail: <a href=\"mailto:info@singulaer-speyer.de\">info@singulaer-speyer.de<\/a><br \/>Homepage: <a href=\"http:\/\/www.singulaer-speyer.de\">www.singulaer-speyer.de<\/a><br \/>USt-Id Nr. DE305108162<\/span><\/p><\/div>\n\t\t\t\t<\/div>\n\t\t\t\t<\/div>\n\t\t\t\t\t\t<\/div>\n\t\t\t\t\t<\/div>\n\t\t<\/div>\n\t\t\t\t\t\t\t\t<\/div>\n\t\t\t\t\t<\/div>\n\t\t<\/section>\n\t\t\t\t\t\t<\/div>\n\t\t\t\t\t<\/div>\n\t\t<\/div>\n\t\t\t\t\t\t\t\t<\/div>\n\t\t\t\t\t<\/div>\n\t\t<\/section>\n\t\t\t\t<section class=\"elementor-section elementor-top-section elementor-element elementor-element-68cf813c elementor-section-content-top elementor-section-boxed elementor-section-height-default elementor-section-height-default\" data-id=\"68cf813c\" data-element_type=\"section\">\n\t\t\t\t\t\t<div class=\"elementor-container elementor-column-gap-default\">\n\t\t\t\t\t\t\t<div class=\"elementor-row\">\n\t\t\t\t\t<div class=\"elementor-column elementor-col-50 elementor-top-column elementor-element elementor-element-3ede9c90\" data-id=\"3ede9c90\" data-element_type=\"column\" data-settings=\"{&quot;background_background&quot;:&quot;classic&quot;}\">\n\t\t\t<div class=\"elementor-column-wrap elementor-element-populated\">\n\t\t\t\t\t\t\t<div class=\"elementor-widget-wrap\">\n\t\t\t\t\t\t<div class=\"elementor-element elementor-element-53af5f2a underl elementor-widget elementor-widget-heading\" data-id=\"53af5f2a\" data-element_type=\"widget\" data-widget_type=\"heading.default\">\n\t\t\t\t<div class=\"elementor-widget-container\">\n\t\t\t<h2 class=\"elementor-heading-title elementor-size-default\">If you are interested in a price offer, please do not hesitate to contact us.<\/h2>\t\t<\/div>\n\t\t\t\t<\/div>\n\t\t\t\t\t\t<\/div>\n\t\t\t\t\t<\/div>\n\t\t<\/div>\n\t\t\t\t<div class=\"elementor-column elementor-col-50 elementor-top-column elementor-element elementor-element-283290de\" data-id=\"283290de\" data-element_type=\"column\" data-settings=\"{&quot;background_background&quot;:&quot;classic&quot;}\">\n\t\t\t<div class=\"elementor-column-wrap elementor-element-populated\">\n\t\t\t\t\t\t\t<div class=\"elementor-widget-wrap\">\n\t\t\t\t\t\t<div class=\"elementor-element elementor-element-27218133 elementor-button-align-stretch elementor-widget elementor-widget-form\" data-id=\"27218133\" data-element_type=\"widget\" data-settings=\"{&quot;step_next_label&quot;:&quot;Next&quot;,&quot;step_previous_label&quot;:&quot;Previous&quot;,&quot;button_width&quot;:&quot;100&quot;,&quot;step_type&quot;:&quot;number_text&quot;,&quot;step_icon_shape&quot;:&quot;circle&quot;}\" data-widget_type=\"form.default\">\n\t\t\t\t<div class=\"elementor-widget-container\">\n\t\t\t\t\t<form class=\"elementor-form\" method=\"post\" id=\"Kontaktnyformular\" name=\"New Form\" action=\"\">\n\t\t\t<input type=\"hidden\" name=\"post_id\" value=\"18\"\/>\n\t\t\t<input type=\"hidden\" name=\"form_id\" value=\"27218133\"\/>\n\t\t\t<input type=\"hidden\" name=\"referer_title\" value=\"3b | Sportswear\" \/>\n\n\t\t\t\n\t\t\t<div class=\"elementor-form-fields-wrapper elementor-labels-\">\n\t\t\t\t\t\t\t\t<div class=\"elementor-field-type-text elementor-field-group elementor-column elementor-field-group-name elementor-col-100\">\n\t\t\t\t\t<label for=\"form-field-name\" class=\"elementor-field-label elementor-screen-only\">Name and surname<\/label><input size=\"1\" type=\"text\" name=\"form_fields[name]\" id=\"form-field-name\" class=\"elementor-field elementor-size-sm  elementor-field-textual\" placeholder=\"Name and surname *\">\t\t\t\t<\/div>\n\t\t\t\t\t\t\t\t<div class=\"elementor-field-type-email elementor-field-group elementor-column elementor-field-group-email elementor-col-100 elementor-field-required\">\n\t\t\t\t\t<label for=\"form-field-email\" class=\"elementor-field-label elementor-screen-only\">Email adress<\/label><input size=\"1\" type=\"email\" name=\"form_fields[email]\" id=\"form-field-email\" class=\"elementor-field elementor-size-sm  elementor-field-textual\" placeholder=\"Email adress *\" required=\"required\" aria-required=\"true\">\t\t\t\t<\/div>\n\t\t\t\t\t\t\t\t<div class=\"elementor-field-type-tel elementor-field-group elementor-column elementor-field-group-field_b1aecf1 elementor-col-100\">\n\t\t\t\t\t<label for=\"form-field-field_b1aecf1\" class=\"elementor-field-label elementor-screen-only\">Tel. number<\/label><input size=\"1\" type=\"tel\" name=\"form_fields[field_b1aecf1]\" id=\"form-field-field_b1aecf1\" class=\"elementor-field elementor-size-sm  elementor-field-textual\" placeholder=\"Tel. number\" pattern=\"[0-9()#&amp;+*-=.]+\" title=\"Only numbers and phone characters (#, -, *, etc) are accepted.\">\t\t\t\t<\/div>\n\t\t\t\t\t\t\t\t<div class=\"elementor-field-type-textarea elementor-field-group elementor-column elementor-field-group-message elementor-col-100 elementor-field-required\">\n\t\t\t\t\t<label for=\"form-field-message\" class=\"elementor-field-label elementor-screen-only\">Nachricht<\/label><textarea class=\"elementor-field-textual elementor-field  elementor-size-sm\" name=\"form_fields[message]\" id=\"form-field-message\" rows=\"5\" placeholder=\"Message *\" required=\"required\" aria-required=\"true\"><\/textarea>\t\t\t\t<\/div>\n\t\t\t\t\t\t\t\t<div class=\"elementor-field-type-recaptcha_v3 elementor-field-group elementor-column elementor-field-group-field_8a4be04 elementor-col-100 recaptcha_v3-bottomleft\">\n\t\t\t\t\t<div class=\"elementor-field\" id=\"form-field-field_8a4be04\"><div class=\"elementor-g-recaptcha\" data-sitekey=\"6Ld62YMkAAAAANPtMUbYLbU6DCPFRH-G6Mw4A06U\" data-type=\"v3\" data-action=\"Form\" data-badge=\"bottomleft\" data-size=\"invisible\"><\/div><\/div>\t\t\t\t<\/div>\n\t\t\t\t\t\t\t\t<div class=\"elementor-field-group elementor-column elementor-field-type-submit elementor-col-100 e-form__buttons\">\n\t\t\t\t\t<button type=\"submit\" class=\"elementor-button elementor-size-sm\">\n\t\t\t\t\t\t<span >\n\t\t\t\t\t\t\t\t\t\t\t\t\t\t\t<span class=\"elementor-button-icon\">\n\t\t\t\t\t\t\t\t\t\t\t\t\t\t\t\t\t\t\t\t\t\t\t\t\t\t<\/span>\n\t\t\t\t\t\t\t\t\t\t\t\t\t\t\t\t\t\t\t\t\t\t<span class=\"elementor-button-text\">SEND<\/span>\n\t\t\t\t\t\t\t\t\t\t\t\t\t<\/span>\n\t\t\t\t\t<\/button>\n\t\t\t\t<\/div>\n\t\t\t<\/div>\n\t\t<input type=\"hidden\" name=\"trp-form-language\" value=\"en\"\/><\/form>\n\t\t\t\t<\/div>\n\t\t\t\t<\/div>\n\t\t\t\t\t\t<\/div>\n\t\t\t\t\t<\/div>\n\t\t<\/div>\n\t\t\t\t\t\t\t\t<\/div>\n\t\t\t\t\t<\/div>\n\t\t<\/section>\n\t\t\t\t\t\t<\/div>\n\t\t\t\t\t\t<\/div>\n\t\t\t\t\t<\/div>","protected":false},"excerpt":{"rendered":"<p>KontaktWir sind bereit Ihre Anforderungen in kurzesten Zeit zu l\u00f6sen. Kontakt Vertriebspartner Deutschland Singul\u00e4r SpeyerInh. Ulrich SchneiderDraisstra\u00dfe 4867346 Speyer Jakub BalazAnsprechpartner Tel.: +49 62 32 \u2013 43 959Fax: +49 62 32 \u2013 36 019E-Mail: info@singulaer-speyer.deHomepage: www.singulaer-speyer.deUSt-Id Nr. DE305108162 Wenn Sie an einem Angebot interessiert sind, z\u00f6gern Sie bitte nicht, uns zu kontaktieren.<\/p>","protected":false},"author":5,"featured_media":0,"parent":0,"menu_order":0,"comment_status":"closed","ping_status":"closed","template":"","meta":{"_monsterinsights_skip_tracking":false,"_monsterinsights_sitenote_active":false,"_monsterinsights_sitenote_note":"","_monsterinsights_sitenote_category":0,"footnotes":""},"class_list":["post-18","page","type-page","status-publish","hentry"],"yoast_head":"<!-- This site is optimized with the Yoast SEO plugin v15.8 - https:\/\/yoast.com\/wordpress\/plugins\/seo\/ -->\n<title>KONTAKT - 3b | Sportswear<\/title>\n<meta name=\"description\" content=\"Ben\u00f6tigen Sie Hilfe bei der Produktunterst\u00fctzung? Wir sind gerne f\u00fcr Sie da! Nehmen Sie jetzt Kontakt auf.\" \/>\n<meta name=\"robots\" content=\"index, follow, max-snippet:-1, max-image-preview:large, max-video-preview:-1\" \/>\n<link rel=\"canonical\" href=\"https:\/\/3bsportswear.de\/en\/kontakt\/\" \/>\n<meta property=\"og:locale\" content=\"en_US\" \/>\n<meta property=\"og:type\" content=\"article\" \/>\n<meta property=\"og:title\" content=\"KONTAKT - 3b | Sportswear\" \/>\n<meta property=\"og:description\" content=\"Ben\u00f6tigen Sie Hilfe bei der Produktunterst\u00fctzung? Wir sind gerne f\u00fcr Sie da! Nehmen Sie jetzt Kontakt auf.\" \/>\n<meta property=\"og:url\" content=\"https:\/\/3bsportswear.de\/en\/kontakt\/\" \/>\n<meta property=\"og:site_name\" content=\"3b | Sportswear\" \/>\n<meta property=\"article:modified_time\" content=\"2023-03-03T12:57:31+00:00\" \/>\n<meta name=\"twitter:card\" content=\"summary_large_image\" \/>\n<meta name=\"twitter:label1\" content=\"Est. reading time\">\n\t<meta name=\"twitter:data1\" content=\"1 minute\">\n<script type=\"application\/ld+json\" class=\"yoast-schema-graph\">{\"@context\":\"https:\/\/schema.org\",\"@graph\":[{\"@type\":\"Organization\",\"@id\":\"https:\/\/3bsportswear.de\/#organization\",\"name\":\"3b SPORTSWEAR\",\"url\":\"https:\/\/3bsportswear.de\/\",\"sameAs\":[],\"logo\":{\"@type\":\"ImageObject\",\"@id\":\"https:\/\/3bsportswear.de\/#logo\",\"inLanguage\":\"en-US\",\"url\":\"https:\/\/3bsportswear.de\/wp-content\/uploads\/2021\/02\/Ikonka-3b.png\",\"width\":500,\"height\":500,\"caption\":\"3b SPORTSWEAR\"},\"image\":{\"@id\":\"https:\/\/3bsportswear.de\/#logo\"}},{\"@type\":\"WebSite\",\"@id\":\"https:\/\/3bsportswear.de\/#website\",\"url\":\"https:\/\/3bsportswear.de\/\",\"name\":\"3b | Sportswear\",\"description\":\"Herstellung von Trikots und Sportbekleidung\",\"publisher\":{\"@id\":\"https:\/\/3bsportswear.de\/#organization\"},\"potentialAction\":[{\"@type\":\"SearchAction\",\"target\":\"https:\/\/3bsportswear.de\/?s={search_term_string}\",\"query-input\":\"required name=search_term_string\"}],\"inLanguage\":\"en-US\"},{\"@type\":\"WebPage\",\"@id\":\"https:\/\/3bsportswear.de\/kontakt\/#webpage\",\"url\":\"https:\/\/3bsportswear.de\/kontakt\/\",\"name\":\"KONTAKT - 3b | Sportswear\",\"isPartOf\":{\"@id\":\"https:\/\/3bsportswear.de\/#website\"},\"datePublished\":\"2020-12-20T20:48:10+00:00\",\"dateModified\":\"2023-03-03T12:57:31+00:00\",\"description\":\"Ben\\u00f6tigen Sie Hilfe bei der Produktunterst\\u00fctzung? Wir sind gerne f\\u00fcr Sie da! Nehmen Sie jetzt Kontakt auf.\",\"breadcrumb\":{\"@id\":\"https:\/\/3bsportswear.de\/kontakt\/#breadcrumb\"},\"inLanguage\":\"en-US\",\"potentialAction\":[{\"@type\":\"ReadAction\",\"target\":[\"https:\/\/3bsportswear.de\/kontakt\/\"]}]},{\"@type\":\"BreadcrumbList\",\"@id\":\"https:\/\/3bsportswear.de\/kontakt\/#breadcrumb\",\"itemListElement\":[{\"@type\":\"ListItem\",\"position\":1,\"item\":{\"@type\":\"WebPage\",\"@id\":\"https:\/\/3bsportswear.de\/kontakt\/\",\"url\":\"https:\/\/3bsportswear.de\/kontakt\/\",\"name\":\"KONTAKT\"}}]}]}<\/script>\n<!-- \/ Yoast SEO plugin. -->","_links":{"self":[{"href":"https:\/\/3bsportswear.de\/en\/wp-json\/wp\/v2\/pages\/18","targetHints":{"allow":["GET"]}}],"collection":[{"href":"https:\/\/3bsportswear.de\/en\/wp-json\/wp\/v2\/pages"}],"about":[{"href":"https:\/\/3bsportswear.de\/en\/wp-json\/wp\/v2\/types\/page"}],"author":[{"embeddable":true,"href":"https:\/\/3bsportswear.de\/en\/wp-json\/wp\/v2\/users\/5"}],"replies":[{"embeddable":true,"href":"https:\/\/3bsportswear.de\/en\/wp-json\/wp\/v2\/comments?post=18"}],"version-history":[{"count":107,"href":"https:\/\/3bsportswear.de\/en\/wp-json\/wp\/v2\/pages\/18\/revisions"}],"predecessor-version":[{"id":21653,"href":"https:\/\/3bsportswear.de\/en\/wp-json\/wp\/v2\/pages\/18\/revisions\/21653"}],"wp:attachment":[{"href":"https:\/\/3bsportswear.de\/en\/wp-json\/wp\/v2\/media?parent=18"}],"curies":[{"name":"wp","href":"https:\/\/api.w.org\/{rel}","templated":true}]}}